{"id":126,"date":"2025-08-10T01:53:58","date_gmt":"2025-08-09T23:53:58","guid":{"rendered":"https:\/\/biologiamatura.pl\/?page_id=126"},"modified":"2025-12-05T19:18:41","modified_gmt":"2025-12-05T18:18:41","slug":"elementor-126","status":"publish","type":"page","link":"https:\/\/biologiamatura.pl\/","title":{"rendered":""},"content":{"rendered":"\t\t<div data-elementor-type=\"wp-post\" data-elementor-id=\"126\" class=\"elementor elementor-126\">\n\t\t\t\t<div class=\"elementor-element elementor-element-f325541 e-flex e-con-boxed e-con e-parent\" data-id=\"f325541\" data-element_type=\"container\">\n\t\t\t\t\t<div class=\"e-con-inner\">\n\t\t<div class=\"elementor-element elementor-element-cb779ba e-con-full e-flex e-con e-child\" data-id=\"cb779ba\" data-element_type=\"container\">\n\t\t\t\t<div class=\"elementor-element elementor-element-47121b1 about elementor-widget elementor-widget-heading\" data-id=\"47121b1\" data-element_type=\"widget\" id=\"about\" data-widget_type=\"heading.default\">\n\t\t\t\t\t<h1 class=\"elementor-heading-title elementor-size-default\">O mnie<\/h1>\t\t\t\t<\/div>\n\t\t\t\t<div class=\"elementor-element elementor-element-7e199d1 elementor-widget elementor-widget-image\" data-id=\"7e199d1\" data-element_type=\"widget\" data-widget_type=\"image.default\">\n\t\t\t\t\t\t\t\t\t\t\t\t\t\t\t\t<a href=\"http:\/\/biologiamatura.pl\/wp-content\/uploads\/2025\/02\/Pastelowy-Rozowy-Zielony-Organiczne-Ksztalty-i-Plamy-Plakat-\u2013-szkola.jpg\" data-elementor-open-lightbox=\"yes\" data-elementor-lightbox-title=\"Pastelowy Ro\u0301z\u0307owy Zielony Organiczne Kszta\u0142ty i Plamy Plakat \u2013 szko\u0142a\" data-e-action-hash=\"#elementor-action%3Aaction%3Dlightbox%26settings%3DeyJpZCI6ODQsInVybCI6Imh0dHBzOlwvXC9iaW9sb2dpYW1hdHVyYS5wbFwvd3AtY29udGVudFwvdXBsb2Fkc1wvMjAyNVwvMDJcL1Bhc3RlbG93eS1Sb3pvd3ktWmllbG9ueS1Pcmdhbmljem5lLUtzenRhbHR5LWktUGxhbXktUGxha2F0LVx1MjAxMy1zemtvbGEuanBnIn0%3D\">\n\t\t\t\t\t\t\t<img fetchpriority=\"high\" decoding=\"async\" width=\"724\" height=\"1024\" src=\"https:\/\/biologiamatura.pl\/wp-content\/uploads\/2025\/02\/Pastelowy-Rozowy-Zielony-Organiczne-Ksztalty-i-Plamy-Plakat-\u2013-szkola-724x1024.jpg\" class=\"attachment-large size-large wp-image-84\" alt=\"\" srcset=\"https:\/\/biologiamatura.pl\/wp-content\/uploads\/2025\/02\/Pastelowy-Rozowy-Zielony-Organiczne-Ksztalty-i-Plamy-Plakat-\u2013-szkola-724x1024.jpg 724w, https:\/\/biologiamatura.pl\/wp-content\/uploads\/2025\/02\/Pastelowy-Rozowy-Zielony-Organiczne-Ksztalty-i-Plamy-Plakat-\u2013-szkola-212x300.jpg 212w, https:\/\/biologiamatura.pl\/wp-content\/uploads\/2025\/02\/Pastelowy-Rozowy-Zielony-Organiczne-Ksztalty-i-Plamy-Plakat-\u2013-szkola-768x1086.jpg 768w, https:\/\/biologiamatura.pl\/wp-content\/uploads\/2025\/02\/Pastelowy-Rozowy-Zielony-Organiczne-Ksztalty-i-Plamy-Plakat-\u2013-szkola-1086x1536.jpg 1086w, https:\/\/biologiamatura.pl\/wp-content\/uploads\/2025\/02\/Pastelowy-Rozowy-Zielony-Organiczne-Ksztalty-i-Plamy-Plakat-\u2013-szkola-1448x2048.jpg 1448w, https:\/\/biologiamatura.pl\/wp-content\/uploads\/2025\/02\/Pastelowy-Rozowy-Zielony-Organiczne-Ksztalty-i-Plamy-Plakat-\u2013-szkola.jpg 1587w\" sizes=\"(max-width: 724px) 100vw, 724px\" \/>\t\t\t\t\t\t\t\t<\/a>\n\t\t\t\t\t\t\t\t\t\t\t\t\t\t\t<\/div>\n\t\t\t\t<\/div>\n\t\t<div class=\"elementor-element elementor-element-3a04720 e-con-full e-flex e-con e-child\" data-id=\"3a04720\" data-element_type=\"container\">\n\t\t\t\t<div class=\"elementor-element elementor-element-fe19851 elementor-widget elementor-widget-text-editor\" data-id=\"fe19851\" data-element_type=\"widget\" data-widget_type=\"text-editor.default\">\n\t\t\t\t\t\t\t\t\t<p style=\"box-sizing: inherit; font-size: 18px; font-style: normal; font-weight: 400; color: #67768e; font-family: Inter, sans-serif; text-align: justify;\">Cze\u015b\u0107! Nazywam si\u0119 Ania \u0141ukawska i jestem z wykszta\u0142cenia i pasji nauczycielk\u0105 biologii z wieloletnim do\u015bwiadczeniem w przygotowywaniu uczni\u00f3w do matury. Uko\u0144czy\u0142am biologi\u0119 oraz pedagogik\u0119 na Uniwersytecie Jagiello\u0144skim. Moj\u0105 misj\u0105 jest pokaza\u0107 Ci, \u017ce biologia to nie tylko nauka o procesach \u017cyciowych, ale tak\u017ce fascynuj\u0105ca przygoda, kt\u00f3r\u0105 mo\u017cna zrozumie\u0107 i pokocha\u0107.<\/p><p style=\"box-sizing: inherit; font-size: 18px; font-style: normal; font-weight: 400; color: #67768e; font-family: Inter, sans-serif; text-align: justify;\">Na co dzie\u0144 pomagam uczniom, takim jak Ty, osi\u0105ga\u0107 wymarzone wyniki na maturze <br \/>i spe\u0142nia\u0107 marzenia o studiach na najlepszych uczelniach. Stworzy\u0142am sw\u00f3j autorski kurs maturalny, aby uczyni\u0107 Twoj\u0105 drog\u0119 do sukcesu prostsz\u0105, mniej stresuj\u0105c\u0105 <br \/>i, co najwa\u017cniejsze, skuteczn\u0105. \u0141\u0105cz\u0119 sprawdzone metody nauczania z prostymi wyja\u015bnieniami i praktycznymi wskaz\u00f3wkami, kt\u00f3re naprawd\u0119 dzia\u0142aj\u0105.<\/p><p style=\"box-sizing: inherit; font-size: 18px; font-style: normal; font-weight: 400; color: #67768e; font-family: Inter, sans-serif; text-align: justify;\">Biologia od zawsze by\u0142a moj\u0105 pasj\u0105, ale jeszcze wi\u0119ksz\u0105 satysfakcj\u0119 daje mi widok moich uczni\u00f3w, kt\u00f3rzy zdobywaj\u0105 upragnione wyniki i dostaj\u0105 si\u0119 na wymarzone studia. Wiem, jak wymagaj\u0105ce mog\u0105 by\u0107 przygotowania do matury, dlatego stworzy\u0142am kurs, kt\u00f3ry zawiera wszystko, czego potrzebujesz \u2013 od solidnych podstaw po zaawansowane zagadnienia, przedstawione w przyst\u0119pny spos\u00f3b.<\/p><p style=\"box-sizing: inherit; font-size: 18px; font-style: normal; font-weight: 400; color: #67768e; font-family: Inter, sans-serif; text-align: justify;\">Poza prac\u0105 staram si\u0119 znale\u017a\u0107 czas na swoje pasje. Uwielbiam czyta\u0107 krymina\u0142y, kt\u00f3re pozwalaj\u0105 mi oderwa\u0107 si\u0119 od codzienno\u015bci, oraz sporty wodne, kt\u00f3re daj\u0105 mi energi\u0119<br \/>i motywacj\u0119 do dzia\u0142ania. Kocham te\u017c sp\u0119dza\u0107 czas ze zwierz\u0119tami, to one ucz\u0105 nas cierpliwo\u015bci i empatii, tak wa\u017cnych w pracy nauczyciela.<\/p><p style=\"box-sizing: inherit; font-size: 18px; font-style: normal; font-weight: 400; color: #67768e; font-family: Inter, sans-serif; text-align: justify;\">Ciesz\u0119 si\u0119, \u017ce tutaj jeste\u015b, i mam nadziej\u0119, \u017ce wsp\u00f3lnie osi\u0105gniemy Tw\u00f3j maturalny sukces.<\/p><p>\u015aciskam!<\/p>\t\t\t\t\t\t\t\t<\/div>\n\t\t\t\t<\/div>\n\t\t\t\t\t<\/div>\n\t\t\t\t<\/div>\n\t\t<div class=\"elementor-element elementor-element-0ed4f86 e-flex e-con-boxed e-con e-parent\" data-id=\"0ed4f86\" data-element_type=\"container\">\n\t\t\t\t\t<div class=\"e-con-inner\">\n\t\t\t\t<div class=\"elementor-element elementor-element-9f2d494 contact elementor-widget elementor-widget-heading\" data-id=\"9f2d494\" data-element_type=\"widget\" id=\"contact\" data-widget_type=\"heading.default\">\n\t\t\t\t\t<h2 class=\"elementor-heading-title elementor-size-default\">Moje Sociale<\/h2>\t\t\t\t<\/div>\n\t\t\t\t\t<\/div>\n\t\t\t\t<\/div>\n\t\t<div class=\"elementor-element elementor-element-b8076bf e-grid e-con-boxed e-con e-parent\" data-id=\"b8076bf\" data-element_type=\"container\">\n\t\t\t\t\t<div class=\"e-con-inner\">\n\t\t\t\t<div class=\"elementor-element elementor-element-87aabcd elementor-view-default elementor-widget elementor-widget-icon\" data-id=\"87aabcd\" data-element_type=\"widget\" data-widget_type=\"icon.default\">\n\t\t\t\t\t\t\t<div class=\"elementor-icon-wrapper\">\n\t\t\t<a class=\"elementor-icon\" href=\"https:\/\/www.youtube.com\/@matura_biologia\" target=\"_blank\">\n\t\t\t<svg aria-hidden=\"true\" class=\"e-font-icon-svg e-fab-youtube\" viewBox=\"0 0 576 512\" xmlns=\"http:\/\/www.w3.org\/2000\/svg\"><path d=\"M549.655 124.083c-6.281-23.65-24.787-42.276-48.284-48.597C458.781 64 288 64 288 64S117.22 64 74.629 75.486c-23.497 6.322-42.003 24.947-48.284 48.597-11.412 42.867-11.412 132.305-11.412 132.305s0 89.438 11.412 132.305c6.281 23.65 24.787 41.5 48.284 47.821C117.22 448 288 448 288 448s170.78 0 213.371-11.486c23.497-6.321 42.003-24.171 48.284-47.821 11.412-42.867 11.412-132.305 11.412-132.305s0-89.438-11.412-132.305zm-317.51 213.508V175.185l142.739 81.205-142.739 81.201z\"><\/path><\/svg>\t\t\t<\/a>\n\t\t<\/div>\n\t\t\t\t\t\t<\/div>\n\t\t\t\t<div class=\"elementor-element elementor-element-f1f1d80 elementor-view-default elementor-widget elementor-widget-icon\" data-id=\"f1f1d80\" data-element_type=\"widget\" data-widget_type=\"icon.default\">\n\t\t\t\t\t\t\t<div class=\"elementor-icon-wrapper\">\n\t\t\t<a class=\"elementor-icon\" href=\"https:\/\/www.instagram.com\/matura_biologia\/\" target=\"_blank\">\n\t\t\t<svg aria-hidden=\"true\" class=\"e-font-icon-svg e-fab-instagram\" viewBox=\"0 0 448 512\" xmlns=\"http:\/\/www.w3.org\/2000\/svg\"><path d=\"M224.1 141c-63.6 0-114.9 51.3-114.9 114.9s51.3 114.9 114.9 114.9S339 319.5 339 255.9 287.7 141 224.1 141zm0 189.6c-41.1 0-74.7-33.5-74.7-74.7s33.5-74.7 74.7-74.7 74.7 33.5 74.7 74.7-33.6 74.7-74.7 74.7zm146.4-194.3c0 14.9-12 26.8-26.8 26.8-14.9 0-26.8-12-26.8-26.8s12-26.8 26.8-26.8 26.8 12 26.8 26.8zm76.1 27.2c-1.7-35.9-9.9-67.7-36.2-93.9-26.2-26.2-58-34.4-93.9-36.2-37-2.1-147.9-2.1-184.9 0-35.8 1.7-67.6 9.9-93.9 36.1s-34.4 58-36.2 93.9c-2.1 37-2.1 147.9 0 184.9 1.7 35.9 9.9 67.7 36.2 93.9s58 34.4 93.9 36.2c37 2.1 147.9 2.1 184.9 0 35.9-1.7 67.7-9.9 93.9-36.2 26.2-26.2 34.4-58 36.2-93.9 2.1-37 2.1-147.8 0-184.8zM398.8 388c-7.8 19.6-22.9 34.7-42.6 42.6-29.5 11.7-99.5 9-132.1 9s-102.7 2.6-132.1-9c-19.6-7.8-34.7-22.9-42.6-42.6-11.7-29.5-9-99.5-9-132.1s-2.6-102.7 9-132.1c7.8-19.6 22.9-34.7 42.6-42.6 29.5-11.7 99.5-9 132.1-9s102.7-2.6 132.1 9c19.6 7.8 34.7 22.9 42.6 42.6 11.7 29.5 9 99.5 9 132.1s2.7 102.7-9 132.1z\"><\/path><\/svg>\t\t\t<\/a>\n\t\t<\/div>\n\t\t\t\t\t\t<\/div>\n\t\t\t\t<div class=\"elementor-element elementor-element-9f50e45 elementor-view-default elementor-widget elementor-widget-icon\" data-id=\"9f50e45\" data-element_type=\"widget\" data-widget_type=\"icon.default\">\n\t\t\t\t\t\t\t<div class=\"elementor-icon-wrapper\">\n\t\t\t<a class=\"elementor-icon\" href=\"https:\/\/www.tiktok.com\/@maturabiologia\" target=\"_blank\">\n\t\t\t<svg aria-hidden=\"true\" class=\"e-font-icon-svg e-fab-tiktok\" viewBox=\"0 0 448 512\" xmlns=\"http:\/\/www.w3.org\/2000\/svg\"><path d=\"M448,209.91a210.06,210.06,0,0,1-122.77-39.25V349.38A162.55,162.55,0,1,1,185,188.31V278.2a74.62,74.62,0,1,0,52.23,71.18V0l88,0a121.18,121.18,0,0,0,1.86,22.17h0A122.18,122.18,0,0,0,381,102.39a121.43,121.43,0,0,0,67,20.14Z\"><\/path><\/svg>\t\t\t<\/a>\n\t\t<\/div>\n\t\t\t\t\t\t<\/div>\n\t\t\t\t\t<\/div>\n\t\t\t\t<\/div>\n\t\t<div class=\"elementor-element elementor-element-f17898c e-grid e-con-boxed e-con e-parent\" data-id=\"f17898c\" data-element_type=\"container\">\n\t\t\t\t\t<div class=\"e-con-inner\">\n\t\t\t\t<div class=\"elementor-element elementor-element-9b6fad9 course elementor-widget elementor-widget-heading\" data-id=\"9b6fad9\" data-element_type=\"widget\" id=\"course\" data-widget_type=\"heading.default\">\n\t\t\t\t\t<h2 class=\"elementor-heading-title elementor-size-default\">Kurs Maturalny<\/h2>\t\t\t\t<\/div>\n\t\t\t\t<div class=\"elementor-element elementor-element-ac8f2f8 elementor-widget elementor-widget-text-editor\" data-id=\"ac8f2f8\" data-element_type=\"widget\" data-widget_type=\"text-editor.default\">\n\t\t\t\t\t\t\t\t\t<p><a style=\"box-sizing: inherit; background-color: #ffffff; color: #ff8396; transition-property: all; font-family: Inter, sans-serif;\" href=\"https:\/\/oferta.kursydomatury.pl\/biologia\/\" target=\"_blank\" rel=\"noreferrer noopener\">Kurs<\/a><span style=\"color: #67768e; font-family: Inter, sans-serif;\">, kt\u00f3ry dla Ciebie przygotowa\u0142am w 100% pokrywa wszystkie wymagane na maturze zagadnienia. Omawiam nie tylko teori\u0119, ale r\u00f3wnie\u017c przerobimy wsp\u00f3lnie dziesi\u0105tki zada\u0144 maturalnych. Dodatkowo masz gwarantowany kontakt ze mn\u0105 przez ca\u0142y rok, mo\u017cliwo\u015b\u0107 zadawania pyta\u0144 do dowolnej cz\u0119\u015bci film\u00f3w lub zada\u0144. Ale je\u015bli nie lubisz zadawa\u0107 pyta\u0144 na forum \u2013 zawsze masz bezpo\u015bredni kontakt ze mn\u0105! Do zobaczenia w\u00a0<\/span><a style=\"box-sizing: inherit; background-color: #ffffff; color: #ff8396; transition-property: all; font-family: Inter, sans-serif;\" href=\"https:\/\/oferta.kursydomatury.pl\/biologia\/\" target=\"_blank\" rel=\"noreferrer noopener\">kursie<\/a><span style=\"color: #67768e; font-family: Inter, sans-serif;\">!<\/span><\/p>\t\t\t\t\t\t\t\t<\/div>\n\t\t\t\t\t<\/div>\n\t\t\t\t<\/div>\n\t\t<div class=\"elementor-element elementor-element-1d4212a e-flex e-con-boxed e-con e-parent\" data-id=\"1d4212a\" data-element_type=\"container\">\n\t\t\t\t\t<div class=\"e-con-inner\">\n\t\t\t\t<div class=\"elementor-element elementor-element-75202be elementor-widget elementor-widget-video\" data-id=\"75202be\" data-element_type=\"widget\" data-settings=\"{&quot;youtube_url&quot;:&quot;https:\\\/\\\/www.youtube.com\\\/watch?v=he2NPT0vrG0&amp;authuser=0&quot;,&quot;video_type&quot;:&quot;youtube&quot;,&quot;controls&quot;:&quot;yes&quot;}\" data-widget_type=\"video.default\">\n\t\t\t\t\t\t\t<div class=\"elementor-wrapper elementor-open-inline\">\n\t\t\t<div class=\"elementor-video\"><\/div>\t\t<\/div>\n\t\t\t\t\t\t<\/div>\n\t\t\t\t\t<\/div>\n\t\t\t\t<\/div>\n\t\t<div class=\"elementor-element elementor-element-7d700b2 e-flex e-con-boxed e-con e-parent\" data-id=\"7d700b2\" data-element_type=\"container\">\n\t\t\t\t\t<div class=\"e-con-inner\">\n\t\t\t\t<div class=\"elementor-element elementor-element-48cc998 elementor-widget elementor-widget-text-editor\" data-id=\"48cc998\" data-element_type=\"widget\" data-widget_type=\"text-editor.default\">\n\t\t\t\t\t\t\t\t\t<p>Poni\u017cej mo\u017cesz zupe\u0142nie za darmo przetestowa\u0107 ca\u0142y dzia\u0142 \u201eChemizm \u017cycia\u201d, razem z zadaniami maturalnymi, przyk\u0142adowymi rozwi\u0105zaniami CKE oraz moimi filmami wideo, w kt\u00f3rych t\u0142umacz\u0119, dlaczego w\u0142a\u015bnie ta odpowied\u017a jest poprawna.<br><span style=\"font-style: inherit; font-weight: inherit;\"><br>Ca\u0142y kurs zosta\u0142 przygotowany analogicznie do tej pr\u00f3bki &#8211; w tym samym stylu, z t\u0105 sam\u0105 klarown\u0105 struktur\u0105, logik\u0105 t\u0142umacze\u0144 i poziomem szczeg\u00f3\u0142owo\u015bci, kt\u00f3ry prowadzi Ci\u0119 krok po kroku przez ca\u0142\u0105 matur\u0119 z biologii.<br><\/span><\/p>\t\t\t\t\t\t\t\t<\/div>\n\t\t\t\t<div class=\"elementor-element elementor-element-1e209aa elementor-widget elementor-widget-heading\" data-id=\"1e209aa\" data-element_type=\"widget\" data-widget_type=\"heading.default\">\n\t\t\t\t\t<h2 class=\"elementor-heading-title elementor-size-default\"><a href=\"https:\/\/kursydomatury.pl\/kursy\/lekcja-probna-biologia\/\" target=\"_blank\">Kliknij tutaj<\/a><\/h2>\t\t\t\t<\/div>\n\t\t\t\t\t<\/div>\n\t\t\t\t<\/div>\n\t\t\t\t<\/div>\n\t\t","protected":false},"excerpt":{"rendered":"<p>O mnie Cze\u015b\u0107! Nazywam si\u0119 Ania \u0141ukawska i jestem z wykszta\u0142cenia i pasji nauczycielk\u0105 biologii z wieloletnim do\u015bwiadczeniem w przygotowywaniu [&hellip;]<\/p>\n","protected":false},"author":1,"featured_media":0,"parent":0,"menu_order":0,"comment_status":"closed","ping_status":"closed","template":"","meta":{"_monsterinsights_skip_tracking":false,"_monsterinsights_sitenote_active":false,"_monsterinsights_sitenote_note":"","_monsterinsights_sitenote_category":0,"site-sidebar-layout":"no-sidebar","site-content-layout":"","ast-site-content-layout":"full-width-container","site-content-style":"default","site-sidebar-style":"default","ast-global-header-display":"","ast-banner-title-visibility":"","ast-main-header-display":"","ast-hfb-above-header-display":"","ast-hfb-below-header-display":"","ast-hfb-mobile-header-display":"","site-post-title":"","ast-breadcrumbs-content":"","ast-featured-img":"disabled","footer-sml-layout":"","theme-transparent-header-meta":"","adv-header-id-meta":"","stick-header-meta":"","header-above-stick-meta":"","header-main-stick-meta":"","header-below-stick-meta":"","astra-migrate-meta-layouts":"default","ast-page-background-enabled":"default","ast-page-background-meta":{"desktop":{"background-color":"var(--ast-global-color-5)","background-image":"","background-repeat":"repeat","background-position":"center center","background-size":"auto","background-attachment":"scroll","background-type":"","background-media":"","overlay-type":"","overlay-color":"","overlay-opacity":"","overlay-gradient":""},"tablet":{"background-color":"","background-image":"","background-repeat":"repeat","background-position":"center center","background-size":"auto","background-attachment":"scroll","background-type":"","background-media":"","overlay-type":"","overlay-color":"","overlay-opacity":"","overlay-gradient":""},"mobile":{"background-color":"","background-image":"","background-repeat":"repeat","background-position":"center center","background-size":"auto","background-attachment":"scroll","background-type":"","background-media":"","overlay-type":"","overlay-color":"","overlay-opacity":"","overlay-gradient":""}},"ast-content-background-meta":{"desktop":{"background-color":"var(--ast-global-color-4)","background-image":"","background-repeat":"repeat","background-position":"center center","background-size":"auto","background-attachment":"scroll","background-type":"","background-media":"","overlay-type":"","overlay-color":"","overlay-opacity":"","overlay-gradient":""},"tablet":{"background-color":"var(--ast-global-color-4)","background-image":"","background-repeat":"repeat","background-position":"center center","background-size":"auto","background-attachment":"scroll","background-type":"","background-media":"","overlay-type":"","overlay-color":"","overlay-opacity":"","overlay-gradient":""},"mobile":{"background-color":"var(--ast-global-color-4)","background-image":"","background-repeat":"repeat","background-position":"center center","background-size":"auto","background-attachment":"scroll","background-type":"","background-media":"","overlay-type":"","overlay-color":"","overlay-opacity":"","overlay-gradient":""}},"footnotes":""},"class_list":["post-126","page","type-page","status-publish","hentry"],"_links":{"self":[{"href":"https:\/\/biologiamatura.pl\/index.php\/wp-json\/wp\/v2\/pages\/126","targetHints":{"allow":["GET"]}}],"collection":[{"href":"https:\/\/biologiamatura.pl\/index.php\/wp-json\/wp\/v2\/pages"}],"about":[{"href":"https:\/\/biologiamatura.pl\/index.php\/wp-json\/wp\/v2\/types\/page"}],"author":[{"embeddable":true,"href":"https:\/\/biologiamatura.pl\/index.php\/wp-json\/wp\/v2\/users\/1"}],"replies":[{"embeddable":true,"href":"https:\/\/biologiamatura.pl\/index.php\/wp-json\/wp\/v2\/comments?post=126"}],"version-history":[{"count":59,"href":"https:\/\/biologiamatura.pl\/index.php\/wp-json\/wp\/v2\/pages\/126\/revisions"}],"predecessor-version":[{"id":242,"href":"https:\/\/biologiamatura.pl\/index.php\/wp-json\/wp\/v2\/pages\/126\/revisions\/242"}],"wp:attachment":[{"href":"https:\/\/biologiamatura.pl\/index.php\/wp-json\/wp\/v2\/media?parent=126"}],"curies":[{"name":"wp","href":"https:\/\/api.w.org\/{rel}","templated":true}]}}